{"id":15897,"date":"2024-11-11T09:59:55","date_gmt":"2024-11-11T08:59:55","guid":{"rendered":"https:\/\/cps.es\/notre-histoire-copier\/"},"modified":"2024-11-11T14:40:16","modified_gmt":"2024-11-11T13:40:16","slug":"notre-histoire-copier","status":"publish","type":"page","link":"https:\/\/cps.es\/fr\/notre-histoire-copier\/","title":{"rendered":"Campagne &#8220;Pr\u00e9venir pour prot\u00e9ger"},"content":{"rendered":"\t\t<div data-elementor-type=\"wp-page\" data-elementor-id=\"15897\" class=\"elementor elementor-15897 elementor-15895\" data-elementor-post-type=\"page\">\n\t\t\t\t\t\t<div class=\"elementor-section elementor-top-section elementor-element elementor-element-1f8b265 elementor-section-boxed elementor-section-height-default elementor-section-height-default\" data-id=\"1f8b265\" data-element_type=\"section\" data-e-type=\"section\">\n\t\t\t\t\t\t<div class=\"elementor-container elementor-column-gap-default\">\n\t\t\t\t\t<div class=\"elementor-column elementor-col-100 elementor-top-column elementor-element elementor-element-f4c959e\" data-id=\"f4c959e\" data-element_type=\"column\" data-e-type=\"column\">\n\t\t\t<div class=\"elementor-widget-wrap elementor-element-populated\">\n\t\t\t\t\t\t<div class=\"elementor-element elementor-element-0ba7afe elementor-widget elementor-widget-heading\" data-id=\"0ba7afe\" data-element_type=\"widget\" data-e-type=\"widget\" data-widget_type=\"heading.default\">\n\t\t\t\t<div class=\"elementor-widget-container\">\n\t\t\t\t\t<h1 class=\"elementor-heading-title elementor-size-default\">Pr\u00e9venir pour prot\u00e9ger<\/h1>\t\t\t\t<\/div>\n\t\t\t\t<\/div>\n\t\t\t\t\t<\/div>\n\t\t<\/div>\n\t\t\t\t\t<\/div>\n\t\t<\/div>\n\t\t\t\t<section class=\"elementor-section elementor-top-section elementor-element elementor-element-a1a69bd elementor-reverse-mobile elementor-section-boxed elementor-section-height-default elementor-section-height-default\" data-id=\"a1a69bd\" data-element_type=\"section\" data-e-type=\"section\">\n\t\t\t\t\t\t<div class=\"elementor-container elementor-column-gap-default\">\n\t\t\t\t\t<div class=\"elementor-column elementor-col-100 elementor-top-column elementor-element elementor-element-03274bc elementor-invisible\" data-id=\"03274bc\" data-element_type=\"column\" data-e-type=\"column\" data-settings=\"{&quot;animation&quot;:&quot;fadeInUp&quot;}\">\n\t\t\t<div class=\"elementor-widget-wrap elementor-element-populated\">\n\t\t\t\t\t\t<div class=\"elementor-element elementor-element-e8b6f09 elementor-widget elementor-widget-spacer\" data-id=\"e8b6f09\" data-element_type=\"widget\" data-e-type=\"widget\" data-widget_type=\"spacer.default\">\n\t\t\t\t<div class=\"elementor-widget-container\">\n\t\t\t\t\t\t\t<div class=\"elementor-spacer\">\n\t\t\t<div class=\"elementor-spacer-inner\"><\/div>\n\t\t<\/div>\n\t\t\t\t\t\t<\/div>\n\t\t\t\t<\/div>\n\t\t\t\t<div class=\"elementor-element elementor-element-2741b79 elementor-widget-tablet__width-inherit elementor-widget elementor-widget-text-editor\" data-id=\"2741b79\" data-element_type=\"widget\" data-e-type=\"widget\" data-widget_type=\"text-editor.default\">\n\t\t\t\t<div class=\"elementor-widget-container\">\n\t\t\t\t\t\t\t\t\t<p style=\"text-align: justify;\">CPS Le P\u00e9rou poss\u00e8de la marque de certification <b>&#8220;Entreprise s\u00fbre, sans violence ni discrimination \u00e0 l&#8217;\u00e9gard des femmes&#8221;, une<\/b> reconnaissance accord\u00e9e par le minist\u00e8re des femmes et des populations vuln\u00e9rables (MIMP).<\/p>\n<p style=\"text-align: justify;\">La violence sexuelle \u00e0 l&#8217;encontre des enfants et des adolescents touche toutes les classes sociales et tous les niveaux d&#8217;\u00e9ducation, causant un pr\u00e9judice profond aux victimes. Ce type de violence entra\u00eene non seulement des cons\u00e9quences physiques et psychologiques, mais laisse \u00e9galement des traces durables sur le d\u00e9veloppement personnel et les relations interpersonnelles des victimes, affectant leur bien-\u00eatre \u00e0 long terme. <\/p>\n<p style=\"text-align: justify;\">Face \u00e0 ce grave probl\u00e8me, le minist\u00e8re des femmes et des populations vuln\u00e9rables a mis en \u0153uvre l&#8217;initiative <b>&#8220;Pr\u00e9venir pour prot\u00e9ger&#8221;<\/b>, qui se concentre sur la pr\u00e9vention de la violence sexuelle \u00e0 l&#8217;encontre des enfants et des adolescents.<\/p>\n<p style=\"text-align: justify;\">L&#8217;initiative &#8220;Pr\u00e9venir pour prot\u00e9ger&#8221; vise \u00e0 mener des interventions globales, coordonn\u00e9es et efficaces pour pr\u00e9venir la violence sexuelle dans les environnements de socialisation et de coexistence des enfants et des adolescents, en encourageant une attitude proactive de la population pour pr\u00e9venir ce type de violence.<\/p>\t\t\t\t\t\t\t\t<\/div>\n\t\t\t\t<\/div>\n\t\t\t\t\t<\/div>\n\t\t<\/div>\n\t\t\t\t\t<\/div>\n\t\t<\/section>\n\t\t\t\t<section class=\"elementor-section elementor-top-section elementor-element elementor-element-fa323bc elementor-reverse-mobile elementor-section-boxed elementor-section-height-default elementor-section-height-default\" data-id=\"fa323bc\" data-element_type=\"section\" data-e-type=\"section\">\n\t\t\t\t\t\t<div class=\"elementor-container elementor-column-gap-default\">\n\t\t\t\t\t<div class=\"elementor-column elementor-col-100 elementor-top-column elementor-element elementor-element-9ee031d elementor-invisible\" data-id=\"9ee031d\" data-element_type=\"column\" data-e-type=\"column\" data-settings=\"{&quot;animation&quot;:&quot;fadeInUp&quot;}\">\n\t\t\t<div class=\"elementor-widget-wrap elementor-element-populated\">\n\t\t\t\t\t\t<div class=\"elementor-element elementor-element-43c0214 elementor-widget elementor-widget-gallery\" data-id=\"43c0214\" data-element_type=\"widget\" data-e-type=\"widget\" data-settings=\"{&quot;gallery_layout&quot;:&quot;justified&quot;,&quot;ideal_row_height&quot;:{&quot;unit&quot;:&quot;px&quot;,&quot;size&quot;:230,&quot;sizes&quot;:[]},&quot;ideal_row_height_tablet&quot;:{&quot;unit&quot;:&quot;px&quot;,&quot;size&quot;:150,&quot;sizes&quot;:[]},&quot;ideal_row_height_mobile&quot;:{&quot;unit&quot;:&quot;px&quot;,&quot;size&quot;:150,&quot;sizes&quot;:[]},&quot;gap&quot;:{&quot;unit&quot;:&quot;px&quot;,&quot;size&quot;:10,&quot;sizes&quot;:[]},&quot;gap_tablet&quot;:{&quot;unit&quot;:&quot;px&quot;,&quot;size&quot;:10,&quot;sizes&quot;:[]},&quot;gap_mobile&quot;:{&quot;unit&quot;:&quot;px&quot;,&quot;size&quot;:10,&quot;sizes&quot;:[]},&quot;link_to&quot;:&quot;file&quot;,&quot;overlay_background&quot;:&quot;yes&quot;,&quot;content_hover_animation&quot;:&quot;fade-in&quot;}\" data-widget_type=\"gallery.default\">\n\t\t\t\t<div class=\"elementor-widget-container\">\n\t\t\t\t\t\t\t<div class=\"elementor-gallery__container\">\n\t\t\t\t\t\t\t<a class=\"e-gallery-item elementor-gallery-item elementor-animated-content\" href=\"https:\/\/cps.es\/wp-content\/uploads\/2024\/11\/IG_CONSEJOS-PARA-PROTEGER-A-TUS-HIJAS-O-HIJOS_Mesa-de-trabajo-1.png\" data-elementor-open-lightbox=\"yes\" data-elementor-lightbox-slideshow=\"43c0214\" data-elementor-lightbox-title=\"IG_CONSEJOS PARA PROTEGER A TUS HIJAS O HIJOS_Mesa de trabajo 1\" data-e-action-hash=\"#elementor-action%3Aaction%3Dlightbox%26settings%3DeyJpZCI6MTU5MTgsInVybCI6Imh0dHBzOlwvXC9jcHMuZXNcL3dwLWNvbnRlbnRcL3VwbG9hZHNcLzIwMjRcLzExXC9JR19DT05TRUpPUy1QQVJBLVBST1RFR0VSLUEtVFVTLUhJSkFTLU8tSElKT1NfTWVzYS1kZS10cmFiYWpvLTEucG5nIiwic2xpZGVzaG93IjoiNDNjMDIxNCJ9\">\n\t\t\t\t\t<div class=\"e-gallery-image elementor-gallery-item__image\" data-thumbnail=\"https:\/\/cps.es\/wp-content\/uploads\/2024\/11\/IG_CONSEJOS-PARA-PROTEGER-A-TUS-HIJAS-O-HIJOS_Mesa-de-trabajo-1-300x300.png\" data-width=\"300\" data-height=\"300\" aria-label=\"\" role=\"img\" ><\/div>\n\t\t\t\t\t\t\t\t\t\t\t<div class=\"elementor-gallery-item__overlay\"><\/div>\n\t\t\t\t\t\t\t\t\t\t\t\t\t\t<\/a>\n\t\t\t\t\t\t\t<a class=\"e-gallery-item elementor-gallery-item elementor-animated-content\" href=\"https:\/\/cps.es\/wp-content\/uploads\/2024\/11\/IG_CONSEJOS-PARA-PROTEGER-A-TUS-HIJAS-O-HIJOS_Mesa-de-trabajo-1-copia-2.png\" data-elementor-open-lightbox=\"yes\" data-elementor-lightbox-slideshow=\"43c0214\" data-elementor-lightbox-title=\"IG_CONSEJOS PARA PROTEGER A TUS HIJAS O HIJOS_Mesa de trabajo 1 copia 2\" data-e-action-hash=\"#elementor-action%3Aaction%3Dlightbox%26settings%3DeyJpZCI6MTU5MjQsInVybCI6Imh0dHBzOlwvXC9jcHMuZXNcL3dwLWNvbnRlbnRcL3VwbG9hZHNcLzIwMjRcLzExXC9JR19DT05TRUpPUy1QQVJBLVBST1RFR0VSLUEtVFVTLUhJSkFTLU8tSElKT1NfTWVzYS1kZS10cmFiYWpvLTEtY29waWEtMi5wbmciLCJzbGlkZXNob3ciOiI0M2MwMjE0In0%3D\">\n\t\t\t\t\t<div class=\"e-gallery-image elementor-gallery-item__image\" data-thumbnail=\"https:\/\/cps.es\/wp-content\/uploads\/2024\/11\/IG_CONSEJOS-PARA-PROTEGER-A-TUS-HIJAS-O-HIJOS_Mesa-de-trabajo-1-copia-2-300x300.png\" data-width=\"300\" data-height=\"300\" aria-label=\"\" role=\"img\" ><\/div>\n\t\t\t\t\t\t\t\t\t\t\t<div class=\"elementor-gallery-item__overlay\"><\/div>\n\t\t\t\t\t\t\t\t\t\t\t\t\t\t<\/a>\n\t\t\t\t\t\t\t<a class=\"e-gallery-item elementor-gallery-item elementor-animated-content\" href=\"https:\/\/cps.es\/wp-content\/uploads\/2024\/11\/IG_CONSEJOS-PARA-PROTEGER-A-TUS-HIJAS-O-HIJOS_Mesa-de-trabajo-1-copia.png\" data-elementor-open-lightbox=\"yes\" data-elementor-lightbox-slideshow=\"43c0214\" data-elementor-lightbox-title=\"IG_CONSEJOS PARA PROTEGER A TUS HIJAS O HIJOS_Mesa de trabajo 1 copia\" data-e-action-hash=\"#elementor-action%3Aaction%3Dlightbox%26settings%3DeyJpZCI6MTU5MjEsInVybCI6Imh0dHBzOlwvXC9jcHMuZXNcL3dwLWNvbnRlbnRcL3VwbG9hZHNcLzIwMjRcLzExXC9JR19DT05TRUpPUy1QQVJBLVBST1RFR0VSLUEtVFVTLUhJSkFTLU8tSElKT1NfTWVzYS1kZS10cmFiYWpvLTEtY29waWEucG5nIiwic2xpZGVzaG93IjoiNDNjMDIxNCJ9\">\n\t\t\t\t\t<div class=\"e-gallery-image elementor-gallery-item__image\" data-thumbnail=\"https:\/\/cps.es\/wp-content\/uploads\/2024\/11\/IG_CONSEJOS-PARA-PROTEGER-A-TUS-HIJAS-O-HIJOS_Mesa-de-trabajo-1-copia-300x300.png\" data-width=\"300\" data-height=\"300\" aria-label=\"\" role=\"img\" ><\/div>\n\t\t\t\t\t\t\t\t\t\t\t<div class=\"elementor-gallery-item__overlay\"><\/div>\n\t\t\t\t\t\t\t\t\t\t\t\t\t\t<\/a>\n\t\t\t\t\t\t\t<a class=\"e-gallery-item elementor-gallery-item elementor-animated-content\" href=\"https:\/\/cps.es\/wp-content\/uploads\/2024\/11\/FRASES-PARA-CREAR-UNA-AMBIENTE-SEGURO_Mesa-de-trabajo-1-copia-4.png\" data-elementor-open-lightbox=\"yes\" data-elementor-lightbox-slideshow=\"43c0214\" data-elementor-lightbox-title=\"FRASES PARA CREAR UNA AMBIENTE SEGURO_Mesa de trabajo 1 copia 4\" data-e-action-hash=\"#elementor-action%3Aaction%3Dlightbox%26settings%3DeyJpZCI6MTU5MTUsInVybCI6Imh0dHBzOlwvXC9jcHMuZXNcL3dwLWNvbnRlbnRcL3VwbG9hZHNcLzIwMjRcLzExXC9GUkFTRVMtUEFSQS1DUkVBUi1VTkEtQU1CSUVOVEUtU0VHVVJPX01lc2EtZGUtdHJhYmFqby0xLWNvcGlhLTQucG5nIiwic2xpZGVzaG93IjoiNDNjMDIxNCJ9\">\n\t\t\t\t\t<div class=\"e-gallery-image elementor-gallery-item__image\" data-thumbnail=\"https:\/\/cps.es\/wp-content\/uploads\/2024\/11\/FRASES-PARA-CREAR-UNA-AMBIENTE-SEGURO_Mesa-de-trabajo-1-copia-4-300x300.png\" data-width=\"300\" data-height=\"300\" aria-label=\"\" role=\"img\" ><\/div>\n\t\t\t\t\t\t\t\t\t\t\t<div class=\"elementor-gallery-item__overlay\"><\/div>\n\t\t\t\t\t\t\t\t\t\t\t\t\t\t<\/a>\n\t\t\t\t\t\t\t<a class=\"e-gallery-item elementor-gallery-item elementor-animated-content\" href=\"https:\/\/cps.es\/wp-content\/uploads\/2024\/11\/DECIR-NO-ES-TU-DERECHO_Mesa-de-trabajo-1-copia-5-1.png\" data-elementor-open-lightbox=\"yes\" data-elementor-lightbox-slideshow=\"43c0214\" data-elementor-lightbox-title=\"DECIR NO ES TU DERECHO_Mesa de trabajo 1 copia 5 (1)\" data-e-action-hash=\"#elementor-action%3Aaction%3Dlightbox%26settings%3DeyJpZCI6MTU5MDksInVybCI6Imh0dHBzOlwvXC9jcHMuZXNcL3dwLWNvbnRlbnRcL3VwbG9hZHNcLzIwMjRcLzExXC9ERUNJUi1OTy1FUy1UVS1ERVJFQ0hPX01lc2EtZGUtdHJhYmFqby0xLWNvcGlhLTUtMS5wbmciLCJzbGlkZXNob3ciOiI0M2MwMjE0In0%3D\">\n\t\t\t\t\t<div class=\"e-gallery-image elementor-gallery-item__image\" data-thumbnail=\"https:\/\/cps.es\/wp-content\/uploads\/2024\/11\/DECIR-NO-ES-TU-DERECHO_Mesa-de-trabajo-1-copia-5-1-300x300.png\" data-width=\"300\" data-height=\"300\" aria-label=\"\" role=\"img\" ><\/div>\n\t\t\t\t\t\t\t\t\t\t\t<div class=\"elementor-gallery-item__overlay\"><\/div>\n\t\t\t\t\t\t\t\t\t\t\t\t\t\t<\/a>\n\t\t\t\t\t\t\t<a class=\"e-gallery-item elementor-gallery-item elementor-animated-content\" href=\"https:\/\/cps.es\/wp-content\/uploads\/2024\/11\/GENEREMOS-UN-AMBIENTE-DE-CONFIANZA_Mesa-de-trabajo-1.png\" data-elementor-open-lightbox=\"yes\" data-elementor-lightbox-slideshow=\"43c0214\" data-elementor-lightbox-title=\"GENEREMOS UN AMBIENTE DE CONFIANZA_Mesa de trabajo 1\" data-e-action-hash=\"#elementor-action%3Aaction%3Dlightbox%26settings%3DeyJpZCI6MTU5MTIsInVybCI6Imh0dHBzOlwvXC9jcHMuZXNcL3dwLWNvbnRlbnRcL3VwbG9hZHNcLzIwMjRcLzExXC9HRU5FUkVNT1MtVU4tQU1CSUVOVEUtREUtQ09ORklBTlpBX01lc2EtZGUtdHJhYmFqby0xLnBuZyIsInNsaWRlc2hvdyI6IjQzYzAyMTQifQ%3D%3D\">\n\t\t\t\t\t<div class=\"e-gallery-image elementor-gallery-item__image\" data-thumbnail=\"https:\/\/cps.es\/wp-content\/uploads\/2024\/11\/GENEREMOS-UN-AMBIENTE-DE-CONFIANZA_Mesa-de-trabajo-1-300x300.png\" data-width=\"300\" data-height=\"300\" aria-label=\"\" role=\"img\" ><\/div>\n\t\t\t\t\t\t\t\t\t\t\t<div class=\"elementor-gallery-item__overlay\"><\/div>\n\t\t\t\t\t\t\t\t\t\t\t\t\t\t<\/a>\n\t\t\t\t\t<\/div>\n\t\t\t\t\t<\/div>\n\t\t\t\t<\/div>\n\t\t\t\t\t<\/div>\n\t\t<\/div>\n\t\t\t\t\t<\/div>\n\t\t<\/section>\n\t\t\t\t<section class=\"elementor-section elementor-top-section elementor-element elementor-element-6497b51 elementor-section-boxed elementor-section-height-default elementor-section-height-default\" data-id=\"6497b51\" data-element_type=\"section\" data-e-type=\"section\" data-settings=\"{&quot;background_background&quot;:&quot;classic&quot;}\">\n\t\t\t\t\t\t<div class=\"elementor-container elementor-column-gap-default\">\n\t\t\t\t\t<div class=\"elementor-column elementor-col-100 elementor-top-column elementor-element elementor-element-a4e8518 elementor-invisible\" data-id=\"a4e8518\" data-element_type=\"column\" data-e-type=\"column\" data-settings=\"{&quot;background_background&quot;:&quot;classic&quot;,&quot;animation&quot;:&quot;fadeInUp&quot;}\">\n\t\t\t<div class=\"elementor-widget-wrap elementor-element-populated\">\n\t\t\t\t\t\t<div class=\"elementor-element elementor-element-d5212a2 elementor-widget elementor-widget-heading\" data-id=\"d5212a2\" data-element_type=\"widget\" data-e-type=\"widget\" data-widget_type=\"heading.default\">\n\t\t\t\t<div class=\"elementor-widget-container\">\n\t\t\t\t\t<h2 class=\"elementor-heading-title elementor-size-default\">Besoin d'aide ?<\/h2>\t\t\t\t<\/div>\n\t\t\t\t<\/div>\n\t\t\t\t<div class=\"elementor-element elementor-element-4c4e847 elementor-widget__width-initial elementor-widget-tablet__width-initial elementor-widget-mobile__width-inherit elementor-widget elementor-widget-text-editor\" data-id=\"4c4e847\" data-element_type=\"widget\" data-e-type=\"widget\" data-widget_type=\"text-editor.default\">\n\t\t\t\t<div class=\"elementor-widget-container\">\n\t\t\t\t\t\t\t\t\t<p style=\"text-align: center;\"><span style=\"font-weight: 400;\"> Contactez-nous et notre \u00e9quipe se fera un plaisir de vous aider.<\/span><\/p>\n\t\t\t\t\t\t\t\t<\/div>\n\t\t\t\t<\/div>\n\t\t\t\t<div class=\"elementor-element elementor-element-d97f268 elementor-align-center elementor-widget elementor-widget-button\" data-id=\"d97f268\" data-element_type=\"widget\" data-e-type=\"widget\" data-widget_type=\"button.default\">\n\t\t\t\t<div class=\"elementor-widget-container\">\n\t\t\t\t\t\t\t\t\t<div class=\"elementor-button-wrapper\">\n\t\t\t\t\t<a class=\"elementor-button elementor-button-link elementor-size-sm\" href=\"https:\/\/cps.es\/fr\/contact\/\">\n\t\t\t\t\t\t<span class=\"elementor-button-content-wrapper\">\n\t\t\t\t\t\t\t\t\t<span class=\"elementor-button-text\">Contact<\/span>\n\t\t\t\t\t<\/span>\n\t\t\t\t\t<\/a>\n\t\t\t\t<\/div>\n\t\t\t\t\t\t\t\t<\/div>\n\t\t\t\t<\/div>\n\t\t\t\t\t<\/div>\n\t\t<\/div>\n\t\t\t\t\t<\/div>\n\t\t<\/section>\n\t\t\t\t<\/div>\n\t\t","protected":false},"excerpt":{"rendered":"<p>Pr\u00e9venir pour prot\u00e9ger CPS Le P\u00e9rou poss\u00e8de la marque de certification &#8220;Entreprise s\u00fbre, sans violence ni discrimination \u00e0 l&#8217;\u00e9gard des femmes&#8221;, une [&hellip;]<\/p>\n","protected":false},"author":9,"featured_media":7814,"parent":0,"menu_order":0,"comment_status":"closed","ping_status":"closed","template":"","meta":{"footnotes":""},"class_list":["post-15897","page","type-page","status-publish","has-post-thumbnail","hentry"],"_links":{"self":[{"href":"https:\/\/cps.es\/fr\/wp-json\/wp\/v2\/pages\/15897","targetHints":{"allow":["GET"]}}],"collection":[{"href":"https:\/\/cps.es\/fr\/wp-json\/wp\/v2\/pages"}],"about":[{"href":"https:\/\/cps.es\/fr\/wp-json\/wp\/v2\/types\/page"}],"author":[{"embeddable":true,"href":"https:\/\/cps.es\/fr\/wp-json\/wp\/v2\/users\/9"}],"replies":[{"embeddable":true,"href":"https:\/\/cps.es\/fr\/wp-json\/wp\/v2\/comments?post=15897"}],"version-history":[{"count":4,"href":"https:\/\/cps.es\/fr\/wp-json\/wp\/v2\/pages\/15897\/revisions"}],"predecessor-version":[{"id":15942,"href":"https:\/\/cps.es\/fr\/wp-json\/wp\/v2\/pages\/15897\/revisions\/15942"}],"wp:featuredmedia":[{"embeddable":true,"href":"https:\/\/cps.es\/fr\/wp-json\/wp\/v2\/media\/7814"}],"wp:attachment":[{"href":"https:\/\/cps.es\/fr\/wp-json\/wp\/v2\/media?parent=15897"}],"curies":[{"name":"wp","href":"https:\/\/api.w.org\/{rel}","templated":true}]}}