{"id":8408,"date":"2022-09-19T06:13:17","date_gmt":"2022-09-19T05:13:17","guid":{"rendered":"https:\/\/cps.es\/avis-juridique\/"},"modified":"2023-03-06T16:31:26","modified_gmt":"2023-03-06T16:31:26","slug":"avis-juridique","status":"publish","type":"page","link":"https:\/\/cps.es\/fr\/avis-juridique\/","title":{"rendered":"Avis juridique"},"content":{"rendered":"\n<div style=\"height:50px\" aria-hidden=\"true\" class=\"wp-block-spacer\"><\/div>\n\n<p><strong>1. <\/strong><strong>Donn\u00e9es d&#8217;identification<\/strong><strong> <\/strong><\/p>\n\n<p>Conform\u00e9ment aux dispositions de l&#8217;article 10 de la loi 34\/2002, du 11 juillet, sur les services de la soci\u00e9t\u00e9 de l&#8217;information et le commerce \u00e9lectronique, nous fournissons ci-dessous les coordonn\u00e9es n\u00e9cessaires du propri\u00e9taire du site web www.cps.es (ci-apr\u00e8s, le &#8220;site web&#8221;) qui fournit le service :  <\/p>\n\n<p>a. Nom ou raison sociale : CPS INFRAESTRUCTURAS MOVILIDAD Y MEDIO AMBIENTE S.L. b. Num\u00e9ro d&#8217;identit\u00e9 ou d&#8217;identification fiscale : B97500433.  <\/p>\n\n<p>c. Si\u00e8ge social : Paseo de las Facultades n\u00ba1 escalera B despacho D &#8211; 46021 &#8211; Valencia (ESPAGNE) d. Num\u00e9ro de t\u00e9l\u00e9phone de contact : 96 393 48 82  <\/p>\n\n<p>e. Adresse \u00e9lectronique : cps@cps.es  <\/p>\n\n<p>f. D\u00e9tails de son inscription au registre du commerce de Valence : Livre des soci\u00e9t\u00e9s, Section : 8, Volume : 7908, Page : 99135  <\/p>\n\n<p><strong>2. <\/strong><strong>Conditions g\u00e9n\u00e9rales d&#8217;utilisation<\/strong><strong> <\/strong><\/p>\n\n<p>Les pr\u00e9sentes conditions g\u00e9n\u00e9rales d&#8217;utilisation et de navigation (ci-apr\u00e8s, les &#8220;Conditions&#8221;) ont pour objet de r\u00e9glementer la relation entre le propri\u00e9taire du site web, en tant que prestataire de services, et les utilisateurs qui acc\u00e8dent, naviguent et profitent du service offert (ci-apr\u00e8s, d\u00e9sign\u00e9s individuellement comme &#8220;Utilisateur&#8221; ou collectivement comme &#8220;Utilisateurs&#8221;).  <\/p>\n\n<p>Le site web fournit aux utilisateurs des informations g\u00e9n\u00e9rales sur le propri\u00e9taire du site, ses services et ses activit\u00e9s (ci-apr\u00e8s, le &#8220;contenu&#8221;), le tout conform\u00e9ment aux pr\u00e9sentes conditions. S&#8217;agissant d&#8217;un site professionnel, son contenu n&#8217;est pas destin\u00e9 aux utilisateurs mineurs.  <\/p>\n\n<p>Si l&#8217;utilisateur continue de naviguer et d&#8217;utiliser les services que nous offrons par le biais de notre site Web, il accepte sans r\u00e9serve aucune les pr\u00e9sentes conditions d&#8217;utilisation, ainsi que la politique de confidentialit\u00e9.  <\/p>\n\n<p>Le propri\u00e9taire du site Web se r\u00e9serve le droit de modifier les pr\u00e9sentes conditions g\u00e9n\u00e9rales \u00e0 tout moment et \u00e0 sa seule discr\u00e9tion ; nous conseillons donc \u00e0 l&#8217;utilisateur de les consulter fr\u00e9quemment.  <\/p>\n\n<p><strong>3. <\/strong><strong>Propri\u00e9t\u00e9 intellectuelle et industrielle<\/strong><strong> <\/strong><\/p>\n\n<p>Protection juridique du contenu  <\/p>\n\n<p>Le propri\u00e9taire du site Web est \u00e9galement titulaire des droits d&#8217;exploitation de la propri\u00e9t\u00e9 intellectuelle et industrielle du site Web, y compris tous les contenus et \u00e9l\u00e9ments de ceux-ci (\u00e0 titre d&#8217;exemple, textes, images, audio et vid\u00e9os) disponibles sur le site Web, ainsi que ceux qui ont \u00e9t\u00e9 h\u00e9berg\u00e9s sur des sites tiers, soit parce qu&#8217;ils sont sa propri\u00e9t\u00e9, soit parce qu&#8217;il a obtenu les droits appropri\u00e9s pour leur utilisation. De m\u00eame, le propri\u00e9taire a obtenu les autorisations appropri\u00e9es relatives au droit \u00e0 l&#8217;image des personnes qui apparaissent sur son site web.  <\/p>\n\n<p>Aucune partie du contenu ne peut \u00eatre reproduite, copi\u00e9e ou distribu\u00e9e sans l&#8217;autorisation expresse du propri\u00e9taire. En aucun cas, il ne faut comprendre que l&#8217;acc\u00e8s et la navigation de l&#8217;utilisateur impliquent une renonciation, une transmission, une licence ou un transfert total ou partiel desdits droits par le propri\u00e9taire du site Web. Il est \u00e9galement interdit de modifier, copier, r\u00e9utiliser, exploiter, reproduire, communiquer, distribuer, diffuser, distribuer, distribuer, distribuer, distribuer, distribuer, distribuer, distribuer, distribuer, distribuer, distribuer, distribuer, distribuer, distribuer, distribuer, distribuer, distribuer.  <\/p>\n\n<p>| 1 WEB D&#8217;INFORMATION JURIDIQUE  <\/p>\n\n<p>de rendre public, de transmettre, d&#8217;utiliser, de traiter ou de distribuer de quelque mani\u00e8re que ce soit tout ou partie des contenus et des \u00e9l\u00e9ments de la page Web \u00e0 des fins publiques ou commerciales, sans l&#8217;autorisation expresse et \u00e9crite du propri\u00e9taire de ces derniers.  <\/p>\n\n<p>Par cons\u00e9quent, conform\u00e9ment au paragraphe pr\u00e9c\u00e9dent, l&#8217;Utilisateur peut, outre la visualisation des contenus et des \u00e9l\u00e9ments de la Page Web, les imprimer, les copier ou les t\u00e9l\u00e9charger, \u00e0 condition que ces actions soient exclusivement destin\u00e9es \u00e0 son usage personnel et priv\u00e9.  <\/p>\n\n<p>L&#8217;utilisation des coordonn\u00e9es du titulaire (adresse postale, num\u00e9ro de t\u00e9l\u00e9phone, adresse \u00e9lectronique) pour l&#8217;envoi de tout type de communication commerciale est \u00e9galement interdite, sauf autorisation pr\u00e9alable conform\u00e9ment \u00e0 la r\u00e9glementation applicable.  <\/p>\n\n<p>Marques et logos associ\u00e9s  <\/p>\n\n<p>Les marques incorpor\u00e9es dans le site web sont support\u00e9es par des serveurs de fournisseurs de services, connect\u00e9s au moyen d&#8217;infrastructures de communication publiques et priv\u00e9es.  <\/p>\n\n<p>Il est interdit aux personnes qui naviguent sur le site Web d&#8217;utiliser ces marques, logos et signes distinctifs sans l&#8217;autorisation du propri\u00e9taire ou la licence d&#8217;utilisation de ceux-ci.  <\/p>\n\n<p><strong>4. <\/strong><strong>Responsabilit\u00e9s<\/strong><strong> <\/strong><\/p>\n\n<p>4.1. suspension du site web  <\/p>\n\n<p>Le fonctionnement du site web est bas\u00e9 sur des serveurs de fournisseurs de services, connect\u00e9s au moyen d&#8217;infrastructures de communication publiques et priv\u00e9es.  <\/p>\n\n<p>Le propri\u00e9taire du site Web fera tout son possible pour assurer le bon fonctionnement du site Web, mais il ne peut garantir l&#8217;absence d&#8217;interruptions pour des raisons techniques en vue de travaux de r\u00e9paration et\/ou de maintenance ou de manque de couverture ou de d\u00e9faillances dans les \u00e9quipements et\/ou les r\u00e9seaux n\u00e9cessaires \u00e0 la transmission des donn\u00e9es, qui sont hors de son contr\u00f4le.  <\/p>\n\n<p>Ainsi, l&#8217;acc\u00e8s au Site pourra \u00eatre suspendu pour des raisons de force majeure (causes impr\u00e9visibles ou qui, pr\u00e9vues ou pr\u00e9visibles, sont in\u00e9vitables) telles que celles \u00e9nonc\u00e9es ci-apr\u00e8s \u00e0 titre indicatif, mais non limitatif :  <\/p>\n\n<p><strong>a.  <\/strong>Pannes de courant ou de r\u00e9seau t\u00e9l\u00e9phonique  <\/p>\n\n<p><strong>b.  <\/strong>Attaques de virus sur les serveurs supportant le site web  <\/p>\n\n<p><strong>c.  <\/strong>Erreurs de l&#8217;utilisateur lors de l&#8217;acc\u00e8s au site web  <\/p>\n\n<p><strong>d.  <\/strong>Incendies, inondations, tremblements de terre ou autres catastrophes naturelles.  <\/p>\n\n<p><strong>e.  <\/strong>Gr\u00e8ves ou conflits du travail,  <\/p>\n\n<p><strong>f.  <\/strong>Guerre ou autres situations de force majeure.  <\/p>\n\n<p>Le propri\u00e9taire de la Page Web est exon\u00e9r\u00e9 de tout type de responsabilit\u00e9 si l&#8217;une des circonstances indiqu\u00e9es dans cette stipulation se r\u00e9alisait.  <\/p>\n\n<p>4.2.Responsabilit\u00e9 de l&#8217;utilisateur  <\/p>\n\n<p>L&#8217;utilisateur utilise le site web \u00e0 ses propres risques. En y acc\u00e9dant, vous acceptez de l&#8217;utiliser conform\u00e9ment aux dispositions de la l\u00e9gislation et des codes de d\u00e9ontologie applicables, ainsi qu&#8217;aux conditions contenues dans les pr\u00e9sentes conditions d&#8217;utilisation.<\/p>\n\n<p>| 2 INFORMATIONS L\u00c9GALES SUR LE WEB  <\/p>\n\n<p>Le non-respect de l&#8217;une des r\u00e8gles incluses dans les pr\u00e9sentes Conditions ou de la l\u00e9gislation sur laquelle elles sont bas\u00e9es entra\u00eenera la responsabilit\u00e9 de l&#8217;Utilisateur envers le propri\u00e9taire du Site Web et\/ou des tiers pour tout dommage ou pr\u00e9judice pouvant \u00eatre caus\u00e9 en cons\u00e9quence de ladite violation, ind\u00e9pendamment du fait que cela implique la mat\u00e9rialisation d&#8217;un acte ill\u00e9gal, d&#8217;une sanction administrative, d&#8217;une faute ou d&#8217;un d\u00e9lit, et permettra au propri\u00e9taire du Site Web, le cas \u00e9ch\u00e9ant, d&#8217;exiger la responsabilit\u00e9 dans le domaine civil, administratif, du travail ou p\u00e9nal qui pourrait correspondre.  <\/p>\n\n<p>4.3.Responsabilit\u00e9 du titulaire  <\/p>\n\n<p>Le propri\u00e9taire du site Web n&#8217;est pas responsable des dommages caus\u00e9s \u00e0 l&#8217;utilisateur ou \u00e0 des tiers \u00e0 la suite d&#8217;une violation imputable \u00e0 l&#8217;utilisateur, ni de l&#8217;alt\u00e9ration de l&#8217;\u00e9quipement de l&#8217;utilisateur.  <\/p>\n\n<p>De m\u00eame, elle n&#8217;assume aucune responsabilit\u00e9 pour les intrusions ill\u00e9gitimes par le biais de l&#8217;utilisation de virus informatiques ou autres, quelle que soit leur origine, l&#8217;utilisation incorrecte de la page Web par l&#8217;utilisateur ou les erreurs de s\u00e9curit\u00e9 caus\u00e9es par le fonctionnement incorrect de l&#8217;\u00e9quipement terminal utilis\u00e9 par l&#8217;utilisateur.  <\/p>\n\n<p><strong>5. <\/strong><strong>Obligations de l&#8217;utilisateur<\/strong><strong> <\/strong><\/p>\n\n<p>L&#8217;utilisateur ne peut, \u00e0 aucun moment, modifier, alt\u00e9rer ou supprimer les donn\u00e9es, informations, contenus ou \u00e9l\u00e9ments inclus dans la page Web.  <\/p>\n\n<p>L&#8217;utilisateur doit utiliser les services que nous mettons \u00e0 sa disposition de mani\u00e8re diligente, correcte et licite. Elle ne peut en aucun cas diffuser des contenus ou de la propagande \u00e0 caract\u00e8re raciste, pornographique, x\u00e9nophobe ou faisant, de mani\u00e8re g\u00e9n\u00e9rale, l&#8217;apologie d&#8217;actes criminels, violents ou d\u00e9gradants \u00e0 l&#8217;encontre des personnes et des droits fondamentaux.  <\/p>\n\n<p>Les utilisateurs ne peuvent pas inclure des logiciels, des virus, des maliciels ou tout autre agent nuisible aux syst\u00e8mes informatiques pouvant endommager ou alt\u00e9rer les appareils ou les terminaux de l&#8217;entreprise ou des autres utilisateurs.  <\/p>\n\n<p>L&#8217;utilisateur est seul responsable des dommages qui pourraient \u00eatre caus\u00e9s par le non-respect des conditions et obligations \u00e9nonc\u00e9es dans les pr\u00e9sentes conditions.  <\/p>\n\n<p>Il est interdit \u00e0 l&#8217;Utilisateur de transmettre, d&#8217;inclure ou de diffuser de la publicit\u00e9 de lui-m\u00eame ou de tiers par tout moyen disponible sur notre Site Internet, s&#8217;il n&#8217;a pas obtenu l&#8217;autorisation expresse du propri\u00e9taire.  <\/p>\n\n<p><strong>6. <\/strong><strong>Hyperliens<\/strong><strong> <\/strong><\/p>\n\n<p>Les mentions qui peuvent \u00eatre faites sur la page Web concernant d&#8217;autres sites Web de tiers ne le sont qu&#8217;\u00e0 titre d&#8217;information. Le propri\u00e9taire du site Web ne d\u00e9veloppe ni ne g\u00e8re ces pages et n&#8217;est pas le propri\u00e9taire des adresses Internet mentionn\u00e9es, sauf mention expresse. Par cons\u00e9quent, ces derniers ne sont pas responsables des contenus qui y sont incorpor\u00e9s, ni des dommages ou pertes d\u00e9coulant de cet acc\u00e8s, ni de ceux g\u00e9n\u00e9r\u00e9s par les services qu&#8217;ils fournissent.  <\/p>\n\n<p>Le propri\u00e9taire du site Web autorise l&#8217;\u00e9tablissement de liens et d&#8217;hyperliens \u00e0 partir d&#8217;autres sites Web vers la page d&#8217;accueil du site Web, c&#8217;est-\u00e0-dire vers l&#8217;adresse www.cps.es. Toutefois, toute personne qui entend \u00e9tablir un lien entre son site Web et le site Web doit le faire en respectant les conditions suivantes :<\/p>\n\n<p>| 3 WEB D&#8217;INFORMATION JURIDIQUE  <\/p>\n\n<p><strong>a.  <\/strong>La page web sur laquelle le lien est \u00e9tabli ne doit pas contenir d&#8217;informations ou de contenus illicites, contraires \u00e0 la morale, aux bonnes coutumes, \u00e0 l&#8217;ordre public ou aux droits de tiers.  <\/p>\n\n<p><strong>b.  <\/strong>Il n&#8217;est pas dit ou sous-entendu que le propri\u00e9taire de la page Web a express\u00e9ment autoris\u00e9 le lien ou a pr\u00e9alablement supervis\u00e9, assum\u00e9 ou recommand\u00e9 de quelque mani\u00e8re que ce soit les services offerts ou mis \u00e0 disposition sur le site Web qui \u00e9tablit le lien avec la page Web. Il est donc recommand\u00e9 \u00e0 toute personne naviguant sur le site Web de faire preuve d&#8217;une extr\u00eame prudence lors de l&#8217;\u00e9valuation et de l&#8217;utilisation des informations, du contenu et des services disponibles sur les sites li\u00e9s.  <\/p>\n\n<p><strong>c.  <\/strong>L&#8217;\u00e9tablissement du lien n&#8217;implique, en aucun cas, l&#8217;existence d&#8217;une relation entre le propri\u00e9taire de la page Web et le propri\u00e9taire du site Web dans lequel le lien est incorpor\u00e9.  <\/p>\n\n<p><strong>7. <\/strong><strong>Protection des donn\u00e9es personnelles<\/strong><strong> <\/strong><\/p>\n\n<p>Le propri\u00e9taire du Site s&#8217;engage \u00e0 traiter les donn\u00e9es personnelles de l&#8217;Utilisateur conform\u00e9ment aux dispositions de la l\u00e9gislation en vigueur en la mati\u00e8re. En particulier, elle s&#8217;engage \u00e0 appliquer les dispositions de la L.O. 3\/2018 du 5 d\u00e9cembre sur la protection des donn\u00e9es personnelles et la garantie des droits num\u00e9riques et le r\u00e8glement g\u00e9n\u00e9ral sur la protection des donn\u00e9es 679\/2016 du 27 avril 2016.  <\/p>\n\n<p>Vous trouverez des informations compl\u00e8tes \u00e0 ce sujet dans notre politique de confidentialit\u00e9.  <\/p>\n\n<p><strong>8. <\/strong><strong>L\u00e9gislation applicable<\/strong><strong> <\/strong><\/p>\n\n<p>Les relations \u00e9tablies entre l&#8217;utilisateur et le propri\u00e9taire du site Web seront r\u00e9gies par les dispositions de la l\u00e9gislation en vigueur en ce qui concerne la r\u00e9glementation applicable et la juridiction comp\u00e9tente, la r\u00e9glementation du syst\u00e8me juridique espagnol \u00e9tant applicable.  <\/p>\n\n<p>Dans les cas o\u00f9 il est possible de se soumettre volontairement \u00e0 une juridiction sp\u00e9cifique, le propri\u00e9taire du Site Web et l&#8217;Utilisateur, renon\u00e7ant express\u00e9ment \u00e0 toute autre juridiction, se soumettront aux Cours et Tribunaux de la ville de Valence, sauf si la loi en dispose autrement.<\/p>\n\n<div style=\"height:50px\" aria-hidden=\"true\" class=\"wp-block-spacer\"><\/div>\n","protected":false},"excerpt":{"rendered":"<p>1. Donn\u00e9es d&#8217;identification Conform\u00e9ment aux dispositions de l&#8217;article 10 de la loi 34\/2002, du 11 juillet, sur les services de la soci\u00e9t\u00e9 [&hellip;]<\/p>\n","protected":false},"author":9,"featured_media":0,"parent":0,"menu_order":0,"comment_status":"closed","ping_status":"closed","template":"","meta":{"footnotes":""},"class_list":["post-8408","page","type-page","status-publish","hentry"],"_links":{"self":[{"href":"https:\/\/cps.es\/fr\/wp-json\/wp\/v2\/pages\/8408","targetHints":{"allow":["GET"]}}],"collection":[{"href":"https:\/\/cps.es\/fr\/wp-json\/wp\/v2\/pages"}],"about":[{"href":"https:\/\/cps.es\/fr\/wp-json\/wp\/v2\/types\/page"}],"author":[{"embeddable":true,"href":"https:\/\/cps.es\/fr\/wp-json\/wp\/v2\/users\/9"}],"replies":[{"embeddable":true,"href":"https:\/\/cps.es\/fr\/wp-json\/wp\/v2\/comments?post=8408"}],"version-history":[{"count":1,"href":"https:\/\/cps.es\/fr\/wp-json\/wp\/v2\/pages\/8408\/revisions"}],"predecessor-version":[{"id":8415,"href":"https:\/\/cps.es\/fr\/wp-json\/wp\/v2\/pages\/8408\/revisions\/8415"}],"wp:attachment":[{"href":"https:\/\/cps.es\/fr\/wp-json\/wp\/v2\/media?parent=8408"}],"curies":[{"name":"wp","href":"https:\/\/api.w.org\/{rel}","templated":true}]}}